{"id":7985,"date":"2024-01-23T14:43:52","date_gmt":"2024-01-23T07:43:52","guid":{"rendered":"https:\/\/koiresortdanang.com\/?page_id=7985"},"modified":"2025-08-08T10:15:17","modified_gmt":"2025-08-08T03:15:17","slug":"wedding","status":"publish","type":"page","link":"https:\/\/koiresortdanang.com\/vi\/wedding\/","title":{"rendered":"Ti\u1ec7c c\u01b0\u1edbi"},"content":{"rendered":"<div data-elementor-type=\"wp-page\" data-elementor-id=\"7985\" class=\"elementor elementor-7985\" data-elementor-post-type=\"page\">\n\t\t\t\t\t\t<section class=\"elementor-section elementor-top-section elementor-element elementor-element-29356816 elementor-section-stretched elementor-section-full_width elementor-section-height-min-height elementor-section-height-default elementor-section-items-middle\" data-id=\"29356816\" data-element_type=\"section\" data-settings=\"{&quot;stretch_section&quot;:&quot;section-stretched&quot;,&quot;background_background&quot;:&quot;classic&quot;}\">\n\t\t\t\t\t\t<div class=\"elementor-container elementor-column-gap-default\">\n\t\t\t\t\t<div class=\"elementor-column elementor-col-100 elementor-top-column elementor-element elementor-element-4bbcb468\" data-id=\"4bbcb468\" data-element_type=\"column\">\n\t\t\t<div class=\"elementor-widget-wrap\">\n\t\t\t\t\t\t\t<\/div>\n\t\t<\/div>\n\t\t\t\t\t<\/div>\n\t\t<\/section>\n\t\t<div class=\"elementor-element elementor-element-2fe6a1da e-flex e-con-boxed e-con e-parent\" data-id=\"2fe6a1da\" data-element_type=\"container\">\n\t\t\t\t\t<div class=\"e-con-inner\">\n\t\t\t\t<div class=\"elementor-element elementor-element-75fd2014 elementor-widget elementor-widget-text-editor\" data-id=\"75fd2014\" data-element_type=\"widget\" data-widget_type=\"text-editor.default\">\n\t\t\t\t<div class=\"elementor-widget-container\">\n\t\t\t<style>\/*! elementor - v3.21.0 - 22-05-2024 *\/\n.elementor-widget-text-editor.elementor-drop-cap-view-stacked .elementor-drop-cap{background-color:#69727d;color:#fff}.elementor-widget-text-editor.elementor-drop-cap-view-framed .elementor-drop-cap{color:#69727d;border:3px solid;background-color:transparent}.elementor-widget-text-editor:not(.elementor-drop-cap-view-default) .elementor-drop-cap{margin-top:8px}.elementor-widget-text-editor:not(.elementor-drop-cap-view-default) .elementor-drop-cap-letter{width:1em;height:1em}.elementor-widget-text-editor .elementor-drop-cap{float:left;text-align:center;line-height:1;font-size:50px}.elementor-widget-text-editor .elementor-drop-cap-letter{display:inline-block}<\/style>\t\t\t\t<p>KOI Resort &amp; Residence \u0110\u00e0 N\u1eb5ng l\u00e0 \u0111\u1ecba \u0111i\u1ec3m l\u00fd t\u01b0\u1edfng cho c\u00e1c c\u1eb7p \u0111\u00f4i t\u00ecm ki\u1ebfm m\u1ed9t tr\u1ea3i nghi\u1ec7m c\u01b0\u1edbi sang tr\u1ecdng. V\u1edbi kh\u00f4ng kh\u00ed l\u00e3ng m\u1ea1n, c\u00e1c ti\u1ec7n nghi hi\u1ec7n \u0111\u1ea1i v\u00e0 \u0111\u1ed9i ng\u0169 nh\u00e2n vi\u00ean chuy\u00ean nghi\u1ec7p, \u0111\u00e2y l\u00e0 \u0111i\u1ec3m \u0111\u1ebfn ho\u00e0n h\u1ea3o cho b\u1ea5t k\u1ef3 nghi l\u1ec5 c\u01b0\u1edbi n\u00e0o. S\u1ef1 t\u1eadn t\u00e2m v\u00e0 chu \u0111\u00e1o c\u1ee7a \u0111\u1ed9i ng\u0169 nh\u00e2n vi\u00ean t\u1ea1o n\u00ean m\u1ed9t tr\u1ea3i nghi\u1ec7m cao c\u1ea5p t\u1eeb m\u1ecdi g\u00f3c \u0111\u1ed9. KOI Resort &amp; Residence \u0110\u00e0 N\u1eb5ng cam k\u1ebft cung c\u1ea5p m\u1ed9t kh\u00f4ng gian tho\u1ea3i m\u00e1i v\u00e0 d\u1ecbch v\u1ee5 xu\u1ea5t s\u1eafc, \u0111\u1ea3m b\u1ea3o r\u1eb1ng kh\u00e1ch h\u00e0ng c\u00f3 th\u1ec3 t\u1eadn h\u01b0\u1edfng nh\u1eefng kho\u1ea3nh kh\u1eafc quan tr\u1ecdng c\u1ee7a cu\u1ed9c \u0111\u1eddi m\u00ecnh trong m\u1ed9t b\u1ea7u kh\u00f4ng kh\u00ed sang tr\u1ecdng v\u00e0 \u1ea5m \u00e1p.<\/p>\t\t\t\t\t\t<\/div>\n\t\t\t\t<\/div>\n\t\t\t\t\t<\/div>\n\t\t\t\t<\/div>\n\t\t<div class=\"elementor-element elementor-element-75710ed3 e-flex e-con-boxed e-con e-parent\" data-id=\"75710ed3\" data-element_type=\"container\">\n\t\t\t\t\t<div class=\"e-con-inner\">\n\t\t<div class=\"elementor-element elementor-element-2d8338d7 e-con-full e-flex e-con e-child\" data-id=\"2d8338d7\" data-element_type=\"container\">\n\t\t\t\t<div class=\"elementor-element elementor-element-58e94735 elementor-widget elementor-widget-image\" data-id=\"58e94735\" data-element_type=\"widget\" data-widget_type=\"image.default\">\n\t\t\t\t<div class=\"elementor-widget-container\">\n\t\t\t<style>\/*! elementor - v3.21.0 - 22-05-2024 *\/\n.elementor-widget-image{text-align:center}.elementor-widget-image a{display:inline-block}.elementor-widget-image a img[src$=\".svg\"]{width:48px}.elementor-widget-image img{vertical-align:middle;display:inline-block}<\/style>\t\t\t\t\t\t\t\t\t\t<img fetchpriority=\"high\" decoding=\"async\" width=\"2048\" height=\"1280\" src=\"https:\/\/koiresortdanang.com\/wp-content\/uploads\/2025\/05\/477200534_9586987384644643_502048128936569648_n.jpg\" class=\"attachment-full size-full wp-image-10386\" alt=\"\" srcset=\"https:\/\/koiresortdanang.com\/wp-content\/uploads\/2025\/05\/477200534_9586987384644643_502048128936569648_n.jpg 2048w, https:\/\/koiresortdanang.com\/wp-content\/uploads\/2025\/05\/477200534_9586987384644643_502048128936569648_n-300x188.jpg 300w, https:\/\/koiresortdanang.com\/wp-content\/uploads\/2025\/05\/477200534_9586987384644643_502048128936569648_n-1024x640.jpg 1024w, https:\/\/koiresortdanang.com\/wp-content\/uploads\/2025\/05\/477200534_9586987384644643_502048128936569648_n-768x480.jpg 768w, https:\/\/koiresortdanang.com\/wp-content\/uploads\/2025\/05\/477200534_9586987384644643_502048128936569648_n-1536x960.jpg 1536w, https:\/\/koiresortdanang.com\/wp-content\/uploads\/2025\/05\/477200534_9586987384644643_502048128936569648_n-18x12.jpg 18w\" sizes=\"(max-width: 2048px) 100vw, 2048px\" \/>\t\t\t\t\t\t\t\t\t\t\t\t\t<\/div>\n\t\t\t\t<\/div>\n\t\t\t\t<\/div>\n\t\t<div class=\"elementor-element elementor-element-1685860a e-con-full e-flex e-con e-child\" data-id=\"1685860a\" data-element_type=\"container\">\n\t\t\t\t<div class=\"elementor-element elementor-element-1d39fdd4 elementor-widget elementor-widget-heading\" data-id=\"1d39fdd4\" data-element_type=\"widget\" data-widget_type=\"heading.default\">\n\t\t\t\t<div class=\"elementor-widget-container\">\n\t\t\t<style>\/*! elementor - v3.21.0 - 22-05-2024 *\/\n.elementor-heading-title{padding:0;margin:0;line-height:1}.elementor-widget-heading .elementor-heading-title[class*=elementor-size-]>a{color:inherit;font-size:inherit;line-height:inherit}.elementor-widget-heading .elementor-heading-title.elementor-size-small{font-size:15px}.elementor-widget-heading .elementor-heading-title.elementor-size-medium{font-size:19px}.elementor-widget-heading .elementor-heading-title.elementor-size-large{font-size:29px}.elementor-widget-heading .elementor-heading-title.elementor-size-xl{font-size:39px}.elementor-widget-heading .elementor-heading-title.elementor-size-xxl{font-size:59px}<\/style><h2 class=\"elementor-heading-title elementor-size-default\">Golden Ceremony<\/h2>\t\t<\/div>\n\t\t\t\t<\/div>\n\t\t\t\t<div class=\"elementor-element elementor-element-1236f402 elementor-widget elementor-widget-text-editor\" data-id=\"1236f402\" data-element_type=\"widget\" data-widget_type=\"text-editor.default\">\n\t\t\t\t<div class=\"elementor-widget-container\">\n\t\t\t\t\t\t\t<p>G\u00f3i Golden Caremony t\u1ea1i KOI Resort &amp; Residence \u0110\u00e0 N\u1eb5ng t\u1ea1o n\u00ean tr\u1ea3i nghi\u1ec7m m\u1ed9t ng\u00e0y c\u01b0\u1edbi sang tr\u1ecdng v\u1edbi kh\u00f4ng kh\u00ed l\u00e3ng m\u1ea1n v\u00e0 m\u1ed9t b\u1eefa ti\u1ec7c trang tr\u1ecdng. \u0110\u1ed9i ng\u0169 nh\u00e2n vi\u00ean chuy\u00ean nghi\u1ec7p c\u1ee7a ch\u00fang t\u00f4i s\u1ebd ch\u0103m s\u00f3c t\u1eadn t\u00ecnh, \u0111\u1ea3m b\u1ea3o b\u1ea1n c\u00f3 m\u1ed9t k\u1ef7 ni\u1ec7m \u0111\u00e1ng nh\u1edb trong m\u1ed9t kh\u00f4ng gian tinh t\u1ebf v\u00e0 cao c\u1ea5p.<\/p>\t\t\t\t\t\t<\/div>\n\t\t\t\t<\/div>\n\t\t\t\t<div class=\"elementor-element elementor-element-3d9f54ea elementor-mobile-align-center button-style-seasona-yes elementor-widget elementor-widget-button\" data-id=\"3d9f54ea\" data-element_type=\"widget\" data-widget_type=\"button.default\">\n\t\t\t\t<div class=\"elementor-widget-container\">\n\t\t\t\t\t<div class=\"elementor-button-wrapper\">\n\t\t\t<a class=\"elementor-button elementor-button-link elementor-size-sm\" href=\"#elementor-action:action=popup:open&settings=eyJpZCI6IjgyNDIiLCJ0b2dnbGUiOmZhbHNlfQ==\">\n\t\t\t\t\t\t<span class=\"elementor-button-content-wrapper\">\n\t\t\t\t\t\t\t\t\t<span class=\"elementor-button-text\">LI\u00caN H\u1ec6 <\/span>\n\t\t\t\t\t<\/span>\n\t\t\t\t\t<\/a>\n\t\t<\/div>\n\t\t\t\t<\/div>\n\t\t\t\t<\/div>\n\t\t\t\t<\/div>\n\t\t\t\t\t<\/div>\n\t\t\t\t<\/div>\n\t\t<div class=\"elementor-element elementor-element-5c2f965f e-flex e-con-boxed e-con e-parent\" data-id=\"5c2f965f\" data-element_type=\"container\">\n\t\t\t\t\t<div class=\"e-con-inner\">\n\t\t<div class=\"elementor-element elementor-element-53e98a69 e-con-full e-flex e-con e-child\" data-id=\"53e98a69\" data-element_type=\"container\">\n\t\t\t\t<div class=\"elementor-element elementor-element-a0225c2 elementor-widget elementor-widget-heading\" data-id=\"a0225c2\" data-element_type=\"widget\" data-widget_type=\"heading.default\">\n\t\t\t\t<div class=\"elementor-widget-container\">\n\t\t\t<h2 class=\"elementor-heading-title elementor-size-default\">Sapphire Ceremony<\/h2>\t\t<\/div>\n\t\t\t\t<\/div>\n\t\t\t\t<div class=\"elementor-element elementor-element-2370f211 elementor-widget elementor-widget-text-editor\" data-id=\"2370f211\" data-element_type=\"widget\" data-widget_type=\"text-editor.default\">\n\t\t\t\t<div class=\"elementor-widget-container\">\n\t\t\t\t\t\t\t<p>B\u1eaft \u0111\u1ea7u h\u00e0nh tr\u00ecnh t\u00ecnh y\u00eau c\u1ee7a b\u1ea1n v\u1edbi G\u00f3i Sapphire Ceremony, m\u1ed9t s\u1ef1 l\u1ef1a ch\u1ecdn tinh t\u1ebf v\u01b0\u1ee3t tr\u1ed9i h\u01a1n so v\u1edbi G\u00f3i Golden Ceremony. H\u00e3y \u0111\u1ec3 G\u00f3i Sapphire t\u1ea1o n\u00ean m\u1ed9t b\u1ee9c tranh c\u1ee7a s\u1ef1 tinh t\u1ebf, l\u00e0m cho ng\u00e0y c\u01b0\u1edbi c\u1ee7a b\u1ea1n tr\u1edf n\u00ean \u0111\u1eb7c bi\u1ec7t h\u01a1n bao gi\u1edd h\u1ebft.<\/p>\t\t\t\t\t\t<\/div>\n\t\t\t\t<\/div>\n\t\t\t\t<div class=\"elementor-element elementor-element-e888b91 elementor-mobile-align-center button-style-seasona-yes elementor-widget elementor-widget-button\" data-id=\"e888b91\" data-element_type=\"widget\" data-widget_type=\"button.default\">\n\t\t\t\t<div class=\"elementor-widget-container\">\n\t\t\t\t\t<div class=\"elementor-button-wrapper\">\n\t\t\t<a class=\"elementor-button elementor-button-link elementor-size-sm\" href=\"#elementor-action:action=popup:open&settings=eyJpZCI6IjgyNDIiLCJ0b2dnbGUiOmZhbHNlfQ==\">\n\t\t\t\t\t\t<span class=\"elementor-button-content-wrapper\">\n\t\t\t\t\t\t\t\t\t<span class=\"elementor-button-text\">LI\u00caN H\u1ec6 <\/span>\n\t\t\t\t\t<\/span>\n\t\t\t\t\t<\/a>\n\t\t<\/div>\n\t\t\t\t<\/div>\n\t\t\t\t<\/div>\n\t\t\t\t<\/div>\n\t\t<div class=\"elementor-element elementor-element-28d21e5 e-con-full e-flex e-con e-child\" data-id=\"28d21e5\" data-element_type=\"container\">\n\t\t\t\t<div class=\"elementor-element elementor-element-19a58129 elementor-widget elementor-widget-image\" data-id=\"19a58129\" data-element_type=\"widget\" data-widget_type=\"image.default\">\n\t\t\t\t<div class=\"elementor-widget-container\">\n\t\t\t\t\t\t\t\t\t\t\t\t\t<img decoding=\"async\" width=\"2560\" height=\"1707\" src=\"https:\/\/koiresortdanang.com\/wp-content\/uploads\/2025\/05\/DES-THAO-DUC-05287-scaled.jpg\" class=\"attachment-full size-full wp-image-10387\" alt=\"\" srcset=\"https:\/\/koiresortdanang.com\/wp-content\/uploads\/2025\/05\/DES-THAO-DUC-05287-scaled.jpg 2560w, https:\/\/koiresortdanang.com\/wp-content\/uploads\/2025\/05\/DES-THAO-DUC-05287-300x200.jpg 300w, https:\/\/koiresortdanang.com\/wp-content\/uploads\/2025\/05\/DES-THAO-DUC-05287-1024x683.jpg 1024w, https:\/\/koiresortdanang.com\/wp-content\/uploads\/2025\/05\/DES-THAO-DUC-05287-768x512.jpg 768w, https:\/\/koiresortdanang.com\/wp-content\/uploads\/2025\/05\/DES-THAO-DUC-05287-1536x1024.jpg 1536w, https:\/\/koiresortdanang.com\/wp-content\/uploads\/2025\/05\/DES-THAO-DUC-05287-2048x1365.jpg 2048w, https:\/\/koiresortdanang.com\/wp-content\/uploads\/2025\/05\/DES-THAO-DUC-05287-18x12.jpg 18w\" sizes=\"(max-width: 2560px) 100vw, 2560px\" \/>\t\t\t\t\t\t\t\t\t\t\t\t\t<\/div>\n\t\t\t\t<\/div>\n\t\t\t\t<\/div>\n\t\t\t\t\t<\/div>\n\t\t\t\t<\/div>\n\t\t<div class=\"elementor-element elementor-element-3e0e2983 e-flex e-con-boxed e-con e-parent\" data-id=\"3e0e2983\" data-element_type=\"container\">\n\t\t\t\t\t<div class=\"e-con-inner\">\n\t\t<div class=\"elementor-element elementor-element-73a5e6c3 e-con-full e-flex e-con e-child\" data-id=\"73a5e6c3\" data-element_type=\"container\">\n\t\t\t\t<div class=\"elementor-element elementor-element-2bb9890b elementor-widget elementor-widget-image\" data-id=\"2bb9890b\" data-element_type=\"widget\" data-widget_type=\"image.default\">\n\t\t\t\t<div class=\"elementor-widget-container\">\n\t\t\t\t\t\t\t\t\t\t\t\t\t<img decoding=\"async\" width=\"1600\" height=\"1066\" src=\"https:\/\/koiresortdanang.com\/wp-content\/uploads\/2025\/06\/Wedding-hong-2.jpg\" class=\"attachment-full size-full wp-image-10553\" alt=\"\" srcset=\"https:\/\/koiresortdanang.com\/wp-content\/uploads\/2025\/06\/Wedding-hong-2.jpg 1600w, https:\/\/koiresortdanang.com\/wp-content\/uploads\/2025\/06\/Wedding-hong-2-300x200.jpg 300w, https:\/\/koiresortdanang.com\/wp-content\/uploads\/2025\/06\/Wedding-hong-2-1024x682.jpg 1024w, https:\/\/koiresortdanang.com\/wp-content\/uploads\/2025\/06\/Wedding-hong-2-768x512.jpg 768w, https:\/\/koiresortdanang.com\/wp-content\/uploads\/2025\/06\/Wedding-hong-2-1536x1023.jpg 1536w, https:\/\/koiresortdanang.com\/wp-content\/uploads\/2025\/06\/Wedding-hong-2-18x12.jpg 18w\" sizes=\"(max-width: 1600px) 100vw, 1600px\" \/>\t\t\t\t\t\t\t\t\t\t\t\t\t<\/div>\n\t\t\t\t<\/div>\n\t\t\t\t<\/div>\n\t\t<div class=\"elementor-element elementor-element-5b92bfbb e-con-full e-flex e-con e-child\" data-id=\"5b92bfbb\" data-element_type=\"container\">\n\t\t\t\t<div class=\"elementor-element elementor-element-35478da6 elementor-widget elementor-widget-heading\" data-id=\"35478da6\" data-element_type=\"widget\" data-widget_type=\"heading.default\">\n\t\t\t\t<div class=\"elementor-widget-container\">\n\t\t\t<h2 class=\"elementor-heading-title elementor-size-default\">Ruby Ceremony<\/h2>\t\t<\/div>\n\t\t\t\t<\/div>\n\t\t\t\t<div class=\"elementor-element elementor-element-458acba5 elementor-widget elementor-widget-text-editor\" data-id=\"458acba5\" data-element_type=\"widget\" data-widget_type=\"text-editor.default\">\n\t\t\t\t<div class=\"elementor-widget-container\">\n\t\t\t\t\t\t\t<p>G\u00f3i Ruby Ceremony t\u1ea1i KOI Resort &amp; Residence \u0110\u00e0 N\u1eb5ng h\u1ee9a h\u1eb9n mang \u0111\u1ebfn tr\u1ea3i nghi\u1ec7m c\u01b0\u1edbi sang tr\u1ecdng v\u1edbi m\u1ed9t bu\u1ed5i bi\u1ec3u di\u1ec5n \u0111\u1eb7c bi\u1ec7t c\u1ee7a d\u00e0n Violin. \u00c2m nh\u1ea1c tinh t\u1ebf v\u00e0 l\u00e3ng m\u1ea1n s\u1ebd l\u00e0m n\u1ed5i b\u1eadt ng\u00e0y h\u1ea1nh ph\u00fac \u0111\u1eb7c bi\u1ec7t c\u1ee7a b\u1ea1n. H\u00e3y th\u01b0\u1edfng th\u1ee9c ni\u1ec1m vui trong g\u00f3i c\u01b0\u1edbi n\u00e0y v\u1edbi nhi\u1ec1u l\u1ee3i \u00edch h\u1ea5p d\u1eabn.<\/p>\t\t\t\t\t\t<\/div>\n\t\t\t\t<\/div>\n\t\t\t\t<div class=\"elementor-element elementor-element-60509eb elementor-mobile-align-center button-style-seasona-yes elementor-widget elementor-widget-button\" data-id=\"60509eb\" data-element_type=\"widget\" data-widget_type=\"button.default\">\n\t\t\t\t<div class=\"elementor-widget-container\">\n\t\t\t\t\t<div class=\"elementor-button-wrapper\">\n\t\t\t<a class=\"elementor-button elementor-button-link elementor-size-sm\" href=\"#elementor-action:action=popup:open&settings=eyJpZCI6IjgyNDIiLCJ0b2dnbGUiOmZhbHNlfQ==\">\n\t\t\t\t\t\t<span class=\"elementor-button-content-wrapper\">\n\t\t\t\t\t\t\t\t\t<span class=\"elementor-button-text\">LI\u00caN H\u1ec6 <\/span>\n\t\t\t\t\t<\/span>\n\t\t\t\t\t<\/a>\n\t\t<\/div>\n\t\t\t\t<\/div>\n\t\t\t\t<\/div>\n\t\t\t\t<\/div>\n\t\t\t\t\t<\/div>\n\t\t\t\t<\/div>\n\t\t\t\t<\/div>","protected":false},"excerpt":{"rendered":"<p>KOI Resort &amp; Residence Da Nang is an ideal venue for couples seeking a luxurious wedding experience. With its romantic ambiance, modern facilities, and professional staff, it is the perfect destination for any wedding ceremony. The dedication and attentiveness of the staff create a premium experience from every perspective. Koi Resort &amp; Residence Da Nang [&hellip;]<\/p>","protected":false},"author":1,"featured_media":0,"parent":0,"menu_order":0,"comment_status":"closed","ping_status":"closed","template":"elementor_header_footer","meta":{"rank_math_lock_modified_date":false,"inline_featured_image":false,"footnotes":""},"class_list":["post-7985","page","type-page","status-publish","hentry"],"acf":[],"_links":{"self":[{"href":"https:\/\/koiresortdanang.com\/vi\/wp-json\/wp\/v2\/pages\/7985","targetHints":{"allow":["GET"]}}],"collection":[{"href":"https:\/\/koiresortdanang.com\/vi\/wp-json\/wp\/v2\/pages"}],"about":[{"href":"https:\/\/koiresortdanang.com\/vi\/wp-json\/wp\/v2\/types\/page"}],"author":[{"embeddable":true,"href":"https:\/\/koiresortdanang.com\/vi\/wp-json\/wp\/v2\/users\/1"}],"replies":[{"embeddable":true,"href":"https:\/\/koiresortdanang.com\/vi\/wp-json\/wp\/v2\/comments?post=7985"}],"version-history":[{"count":34,"href":"https:\/\/koiresortdanang.com\/vi\/wp-json\/wp\/v2\/pages\/7985\/revisions"}],"predecessor-version":[{"id":10608,"href":"https:\/\/koiresortdanang.com\/vi\/wp-json\/wp\/v2\/pages\/7985\/revisions\/10608"}],"wp:attachment":[{"href":"https:\/\/koiresortdanang.com\/vi\/wp-json\/wp\/v2\/media?parent=7985"}],"curies":[{"name":"wp","href":"https:\/\/api.w.org\/{rel}","templated":true}]}}